{"id":124,"date":"2010-12-30T00:35:58","date_gmt":"2010-12-29T22:35:58","guid":{"rendered":"http:\/\/www.tdwi.fi\/"},"modified":"2021-10-08T07:50:50","modified_gmt":"2021-10-08T05:50:50","slug":"tapahtumia-alkutaipaleelta","status":"publish","type":"page","link":"https:\/\/www.tdwi.fi\/blog\/tapahtumia-events\/tapahtumia-alkutaipaleelta\/","title":{"rendered":"Tapahtumia alkutaipaleelta Suomessa ja muualla"},"content":{"rendered":"<p id=\"top\" \/>\n<p><a href=\"https:\/\/www.tdwi.fi\/blog\/tdwi-finland-posts\/\">Uusimpiin tapahtumiin<\/a><\/p>\n\n\n\n<hr class=\"wp-block-separator\"\/>\n\n\n\n<p><strong>Tapahtumia \u2013 Events: 2009 \u2013 2006<\/strong>, and <strong>The very first European TDWI Conferences 1997 \u2013 2000<\/strong><\/p>\n\n\n\n<h4 class=\"wp-block-heading\">15.12.2009 \u2013 Yhdistyksen s\u00e4\u00e4nt\u00f6m\u00e4\u00e4r\u00e4inen syyskokous<\/h4>\n\n\n\n<p>Helsingiss\u00e4, Radisson Blu Royal Hotel.<\/p>\n\n\n\n<p>Ohjelmassa oli kokouksen lis\u00e4ksi esitykset:<\/p>\n\n\n\n<p><strong>Anthony Howcroft<\/strong>, Data Warehouse Category Manager Europe at Microsoft UK<\/p>\n\n\n\n<p>Microsoft\u2019s large-scale Data Warehousing has been evident with the launch of a SQL Server appliance dedicated to Data Warehouse workloads (FastTrack). The announcement of Microsoft project code name \u201cMadison\u201d for scalability into the Petabytes, and the new BI\/DW capabilities in Microsoft SQL Server 2008 R2. An integrated view on the Data Warehouse vision, and customer case studies as a basis for showing what is being achieved today, and the capabilities soon to be available.<\/p>\n\n\n\n<p><strong>Timo Koskinen<\/strong>, Chief Technologist IBM Finland<\/p>\n\n\n\n<p>Uudet teknologiatrendit kuten cloud computing, eritt\u00e4in suurten tietom\u00e4\u00e4rien hallinta ja analysointi, Green IT \u2013 ja miten n\u00e4m\u00e4 liittyv\u00e4t tietovarastointiin.<\/p>\n\n\n\n<p><strong>Martin Willcox<\/strong>, Director of Product &amp; Solutions Marketing (EMEA) Teradata Corporation<\/p>\n\n\n\n<p>Data Warehousing Five Years From Now \u2013 In this presentation the speaker will look at current trends and issues in BI and data warehousing and discuss how the industry is responding to these challenges.<\/p>\n\n\n\n<hr class=\"wp-block-separator\"\/>\n\n\n\n<h4 class=\"wp-block-heading\">19.8.2009 \u2013 TDWI Finlandin 12 v. juhlatilaisuus Suomenlinnassa<\/h4>\n\n\n\n<p>vietettiin mukavan yhdess\u00e4olon merkeiss\u00e4. L\u00e4mmin aurinkoinen kes\u00e4p\u00e4iv\u00e4 k\u00e4velykierroksella l\u00e4mmitti kuin tilauksesta tutustuessamme Suomenlinnan milj\u00f6\u00f6seen ja historiaan. Ruutikellarissa nautimme buff\u00e9tp\u00f6yd\u00e4n antimista, esityksist\u00e4 ja keskusteluista.<\/p>\n\n\n\n<p><strong>Johan Wallin<\/strong> \u2013 TDWI Finlandin alkutaipaleet ja Liiketoiminnan orkestrointi, yhdist\u00e4 tehokkuus ja luovuus<\/p>\n\n\n\n<p><strong>Ari Hovi<\/strong> \u2013 Tietovarastosattumuksia matkan varrelta<\/p>\n\n\n\n<p><strong>Pekka Barck<\/strong> \u2013 Tietovarastot 10 vuoden kuluttua<\/p>\n\n\n\n<p>Johan Wallin kutsuttiin yhdistyksen kunniaj\u00e4seneksi ansioistaan TDWI Finlandin toiminnan aloittamiseksi Suomessa ja Euroopassa.<\/p>\n\n\n\n<hr class=\"wp-block-separator\"\/>\n\n\n\n<h4 class=\"wp-block-heading\">14.5.2009 \u2013 Yhdistyksen s\u00e4\u00e4nt\u00f6m\u00e4\u00e4r\u00e4inen kev\u00e4tkokous<\/h4>\n\n\n\n<p>Espoossa&nbsp; Stella Terra Auditoriossa Lars Sonckin kaari 16:ssa Aureolis:in is\u00e4nn\u00f6im\u00e4n\u00e4.<\/p>\n\n\n\n<p>Ohjelmassa oli kokouksen lis\u00e4ksi kaksi ajankohtaista esitelm\u00e4\u00e4<\/p>\n\n\n\n<p>Kehitysp\u00e4\u00e4llikk\u00f6 <strong>Marko Kivel\u00e4<\/strong>, Veikkaus: Projektikokemus: aCRM j\u00e4rjestelm\u00e4 osana strategista uudistusta ja informaatioarkkitehtuuria.<\/p>\n\n\n\n<p>OTM, KTM <strong>Markus Salminen<\/strong>, Lex-Dialog: Tietosuoja asiakastietojen hallinnassa<\/p>\n\n\n\n<hr class=\"wp-block-separator\"\/>\n\n\n\n<h4 class=\"wp-block-heading\">5.11.2008 \u2013 Yhdistyksen s\u00e4\u00e4nt\u00f6m\u00e4\u00e4r\u00e4inen SYYSKOKOUS<\/h4>\n\n\n\n<p>Helsingiss\u00e4 IBM:n tiloissa.<\/p>\n\n\n\n<p>Ohjelmassa oli kokouksen lis\u00e4ksi <strong>Henry Cook<\/strong>in esitelm\u00e4 aiheesta<\/p>\n\n\n\n<p>\u201c<strong>Best Practices to Architecting a Modern DW System<\/strong>\u201c<\/p>\n\n\n\n<ul class=\"wp-block-list\"><li>Step back and take a holistic view of overall BI\/DW system and architecture<\/li><li>Examine solution capabilities needed<\/li><li>Discuss how they can be provided and combined<\/li><li>Discuss trends and how BI\/DW is evolving<\/li><li>Provide a case study video<\/li><\/ul>\n\n\n\n<p>Henry has been involved in Data Warehousing for over 20 years in a variety of roles and has experience with working on DW projects around the world and is familiar with the key success and risk factors these systems are exposed to.<\/p>\n\n\n\n<hr class=\"wp-block-separator\"\/>\n\n\n\n<h4 class=\"wp-block-heading\">17.9.2008 \u2013 \u201cTiedon laatu Varman tietovarastoinnissa\u201d<\/h4>\n\n\n\n<p>Varma:n uusissa tiloissa Salmisaarenrannassa Helsingiss\u00e4<\/p>\n\n\n\n<p>Osanotto oli j\u00e4lleen eritt\u00e4in runsas\u2014Kiitos varmalaisille ja suuri kiitos aktiivisille TDWIFl\u00e4isille!<\/p>\n\n\n\n<p>Kiinnostavan esityksen pitiv\u00e4t <strong>Jaana Sironen<\/strong> ja <strong>Janne Korhonen<\/strong>.<br><a><\/a><\/p>\n\n\n\n<hr class=\"wp-block-separator\"\/>\n\n\n\n<h4 class=\"wp-block-heading\">14.5.2008 \u2013 Tiedon laatu<\/h4>\n\n\n\n<p>Visual Managementin is\u00e4nn\u00f6im\u00e4n\u00e4 Helsingiss\u00e4<\/p>\n\n\n\n<p>Aihe tuntuu todella ajankohtaiselta ja kiinnostavalta p\u00e4\u00e4tellen runsaasta osanotostakin.<\/p>\n\n\n\n<p>Kehitysjohtaja <strong>Vesa Tiirikainen<\/strong> Visual Managementista alusti aiheeseen, jonka j\u00e4lkeen British Telecomin <strong>Nigel Turner<\/strong>, \u201cHead of Customer Management Practice, BT Design\u201d, esitteli BT:ll\u00e4 menestyksellisesti koettuja menetelmi\u00e4 ja l\u00e4hestymistapoja ja tehtyj\u00e4 tiedon laadun keissej\u00e4.<\/p>\n\n\n\n<hr class=\"wp-block-separator\"\/>\n\n\n\n<h4 class=\"wp-block-heading\">2.4.2008 \u2013 Yhdistyksen s\u00e4\u00e4nt\u00f6m\u00e4\u00e4r\u00e4inen kev\u00e4tkokous<\/h4>\n\n\n\n<p>Helsingiss\u00e4 AEL:n tiloissa<\/p>\n\n\n\n<p>Ohjelmassa oli kokouksen lis\u00e4ksi <strong>Teemu Malmi<\/strong>n esityksell\u00e4 viritetty esitys-\/keskustelutilaisuus, aiheina mm.<\/p>\n\n\n\n<p>Performance management:<\/p>\n\n\n\n<p>\u2013 Johtamisj\u00e4rjestelm\u00e4n komponentit<br>\u2013 Suorituksen mittaus osana johtamista<br>\u2013 Suorituksen mittauksen kytkeminen organisaation strategiaan<br>\u2013 Mittaristoista johtamisj\u00e4rjestelmiksi<\/p>\n\n\n\n<p>KTT <strong>Teemu Malmi<\/strong> on laskentatoimen professori Helsingin kauppakorkeakoulussa. H\u00e4n on ollut mukana useissa laskennan ja ohjausj\u00e4rjestelmien kehityshankkeissa erityyppisiss\u00e4 organisaatioissa. Teemu on tutkinut Balanced Scorecardin ja muiden ohjausmenetelmien k\u00e4ytt\u00f6\u00e4 Suomalaisissa ja kansainv\u00e4lisiss\u00e4 yrityksiss\u00e4 ja h\u00e4n toimii kouluttajana useissa liikkeenjohdon koulutusohjelmissa. H\u00e4nell\u00e4 on k\u00e4yt\u00e4nn\u00f6n kokemusta my\u00f6s tietotekniikan alan yritysten hallitusty\u00f6skentelyst\u00e4.<\/p>\n\n\n\n<hr class=\"wp-block-separator\"\/>\n\n\n\n<h4 class=\"wp-block-heading\">15.11.2007 \u2013 Yhdistyksen s\u00e4\u00e4nt\u00f6m\u00e4\u00e4r\u00e4inen syyskokous<\/h4>\n\n\n\n<p>Helsingiss\u00e4 IBM:n tiloissa<\/p>\n\n\n\n<p>Virallisen syyskokouksen j\u00e4lkeen ohjelmassa olivat ajankohtaiset esitykset, jotka virittiv\u00e4t kokousv\u00e4en syvent\u00e4viin keskusteluihin.<\/p>\n\n\n\n<p>Suomen BI-markkina 2007, Program Director <strong>Tero Kulha<\/strong>, Market-Visio<\/p>\n\n\n\n<p>Mihin suuntaan Suomen Business Intelligence (BI) \u2013markkina kehittyy ja millaisia odotuksia suomalaisten organisaatioiden johto asettaa BI-ratkaisuille?<\/p>\n\n\n\n<p>Liiketoimintatiedon hallinta \u2013 tietovarastointia, toimintaymp\u00e4rist\u00f6analyysi\u00e4 vai molempia?<\/p>\n\n\n\n<p>Professori <strong>Mika Hannula<\/strong>, TTY<\/p>\n\n\n\n<p>\u2013 tietojohtaminen on paljon muutakin kuin tiet\u00e4myksen hallintaa<br>\u2013 business intelligence l\u00e4htee tietotarpeiden tiedostamisesta<br>\u2013 tiedon laatu ratkaisee, ei sen l\u00e4hde<br>\u2013 tiedon jalostaminen lis\u00e4\u00e4 sen arvoa<\/p>\n\n\n\n<hr class=\"wp-block-separator\"\/>\n\n\n\n<h4 class=\"wp-block-heading\">14.5.2007 \u2013 Yhdistyksen s\u00e4\u00e4nt\u00f6m\u00e4\u00e4r\u00e4inen kev\u00e4tkokous<\/h4>\n\n\n\n<p>Helsingiss\u00e4 WTC-talossa<\/p>\n\n\n\n<p>Ohjelmassa oli virallisen kev\u00e4tkokouksen j\u00e4lkeen 1\u00bd tunnin esitelm\u00e4 pit\u00e4j\u00e4n\u00e4 kansainv\u00e4lisesti tunnettu <strong>Al Messerli<\/strong>, 3M:n entinen CIO. Kiitos lukuisille paikalle saapuneille! Kokoustila t\u00e4yttyi viimeist\u00e4 paikkaa my\u00f6ten, mik\u00e4 osoittaa t\u00e4llaisille tapahtumille olevan kysynt\u00e4\u00e4. Al Messerlin esitys tukeutui omakohtaiseen kokemukseen eritt\u00e4in laajan ja ansiokkaan hankkeen rakentamisesta ja johtamisesta.<\/p>\n\n\n\n<hr class=\"wp-block-separator\"\/>\n\n\n\n<h4 class=\"wp-block-heading\">28.11.2006 \u2013 Yhdistyksen s\u00e4\u00e4nt\u00f6m\u00e4\u00e4r\u00e4inen syyskokous<\/h4>\n\n\n\n<p>Helsingiss\u00e4 ravintola Safkassa<\/p>\n\n\n\n<p>Ohjelmassa oli virallisen syyskokouksen j\u00e4lkeen paneeliosallistujien ja muun kokousv\u00e4en kesken keskustelua mm. aiheista \u201c<strong>Menestyksek\u00e4s BI, haasteita ja mahdollisuuksia eri osa-alueilla: Strategia, Toimintatavat, Hallinta, Arkkitehtuuri<\/strong>\u201c. Keskustelussa sukellettiin pintaa syvemm\u00e4lle t\u00e4m\u00e4n p\u00e4iv\u00e4n business intelligence haasteisiin ja mahdollisuuksiin. Monet kysymykset vaikuttavat aluksi helpoilta ja selkeilt\u00e4, mutta asia ei ole niin yksinkertainen.<\/p>\n\n\n\n<p>Alustuksen keskusteluun toi <strong>Sari Heimonen<\/strong> Infidea, \u201cT\u00e4ydelliset tietovarastot \u2013 tarua ja totta\u201d.<\/p>\n\n\n\n<p><strong>Paneelissa<\/strong> keskustelijoina olivat <strong>Jaakko Kairamo<\/strong> Business Objects Finland, <strong>Riku Koskinen<\/strong> Siemens \u201cSAP hengess\u00e4\u201d, <strong>Hannu Ritvanen<\/strong> SAS Institute, <strong>Juha Teljo<\/strong> Cognos.<\/p>\n\n\n\n<p>Keskustelutilaisuuden haastattelijana toimi <strong>Pekka Barck<\/strong> Nokia.<\/p>\n\n\n\n<p>Kiitos Sarille, Pekalle ja paneelikeskustelijoille! Ja erityinen kiitos my\u00f6s paikalle saapuneille, joiden ansiosta paikka saatiin viimeist\u00e4 varapaikkaa my\u00f6ten tupaten t\u00e4yteen! Ruoka ja tunnelma oli hyv\u00e4 \u2013 Pekka piti keskustelua tiiviisti yll\u00e4 kolmisen tuntia ja kysymyksi\u00e4 j\u00e4i viel\u00e4 lukuisia esitt\u00e4m\u00e4tt\u00e4kin!<\/p>\n\n\n\n<hr class=\"wp-block-separator\"\/>\n\n\n\n<h4 class=\"wp-block-heading\">24.5.2006 \u2013 Yhdistyksen s\u00e4\u00e4nt\u00f6m\u00e4\u00e4r\u00e4inen kev\u00e4tkokous<\/h4>\n\n\n\n<p>IBM:n tiloissa Munkkiniemess\u00e4 Helsingiss\u00e4<\/p>\n\n\n\n<p><strong>Turning Data into Dollars<\/strong> \u2013 Dr <strong>Marc Teerlink<\/strong>\/IBM<\/p>\n\n\n\n<hr class=\"wp-block-separator is-style-wide\"\/>\n\n\n\n<p><strong>TDWI Finland &#8211; Historiaa, otteita tapahtumista &#8211; The very first European TDWI Conferences<\/strong><\/p>\n\n\n\n<h4 class=\"wp-block-heading\">Stockholm 1997 &#8211; <a href=\"http:\/\/www.tdwi.fi\/tapahtumia\/history\/stockholm_1997\/index.htm\" target=\"_blank\" rel=\"noopener\">the First European TDWI Conference in Stockholm<\/a><\/h4>\n\n\n\n<p><a href=\"http:\/\/www.tdwi.fi\/tapahtumia\/history\/stockholm_1997\/welcome.htm\">WELCOME<\/a><br><a href=\"http:\/\/www.tdwi.fi\/tapahtumia\/history\/stockholm_1997\/program.htm\">CONFERENCE PROGRAM<\/a><br><a href=\"http:\/\/www.tdwi.fi\/tapahtumia\/history\/stockholm_1997\/sthlm.htm\">STOCKHOLM<\/a><\/p>\n\n\n\n<h4 class=\"wp-block-heading\">Stockholm 1998 &#8211; <a href=\"http:\/\/www.tdwi.fi\/tapahtumia\/history\/stockholm_1998\/index.htm\" target=\"_blank\" rel=\"noopener\">the Second European TDWI Conference in Stockholm<\/a><\/h4>\n\n\n\n<p><a href=\"http:\/\/www.tdwi.fi\/tapahtumia\/history\/stockholm_1998\/welcome.htm\">WELCOME<\/a><br><a href=\"http:\/\/www.tdwi.fi\/tapahtumia\/history\/stockholm_1998\/program.htm\">CONFERENCE PROGRAM<\/a><br><a href=\"http:\/\/www.tdwi.fi\/tapahtumia\/history\/stockholm_1998\/aboutsto.htm\">ABOUT STOCKHOLM<\/a><\/p>\n\n\n\n<h4 class=\"wp-block-heading\">Helsinki 1998 &#8211; <a href=\"http:\/\/www.tdwi.fi\/tapahtumia\/history\/helsinki_1998\/index.htm\" target=\"_blank\" rel=\"noopener\">the Third European TDWI Conference in Helsinki<\/a><\/h4>\n\n\n\n<p><a href=\"http:\/\/www.tdwi.fi\/tapahtumia\/history\/helsinki_1998\/program.htm\">CONFERENCE PROGRAM<\/a><br><a href=\"http:\/\/www.tdwi.fi\/tapahtumia\/history\/helsinki_1998\/speakers.htm\">SPEAKERS<\/a><br><a href=\"http:\/\/www.tdwi.fi\/tapahtumia\/history\/helsinki_1998\/vendors.htm\">VENDOR PRESENTATIONS<\/a><\/p>\n\n\n\n<h4 class=\"wp-block-heading\">Copenhagen 2000 &#8211; <a href=\"http:\/\/www.tdwi.fi\/tapahtumia\/history\/copenhagen_2000\/index.htm\" target=\"_blank\" rel=\"noopener\">TDWI Conference in Copenhagen<\/a><\/h4>\n\n\n\n<p><a href=\"http:\/\/www.tdwi.fi\/tapahtumia\/history\/copenhagen_2000\/intro.htm\">Introduction<\/a><br><a href=\"http:\/\/www.tdwi.fi\/tapahtumia\/history\/copenhagen_2000\/reasons.htm\">Reasons to Attend<\/a><br><a href=\"http:\/\/www.tdwi.fi\/tapahtumia\/history\/copenhagen_2000\/program.htm\">Conference Program<\/a><br><a href=\"http:\/\/www.tdwi.fi\/tapahtumia\/history\/copenhagen_2000\/instruct.htm\">Instructors<\/a><br><a href=\"http:\/\/www.tdwi.fi\/tapahtumia\/history\/copenhagen_2000\/levels.htm\">Course Levels<\/a><br><a href=\"http:\/\/www.tdwi.fi\/tapahtumia\/history\/copenhagen_2000\/levels.htm#bof\">Birds of Feather Sessions<\/a><br><a href=\"http:\/\/www.tdwi.fi\/tapahtumia\/history\/copenhagen_2000\/levels.htm\">Vendor Exhibit<\/a><br><a href=\"http:\/\/www.tdwi.fi\/tapahtumia\/history\/copenhagen_2000\/keynotes.htm\">Keynotes<\/a><\/p>\n\n\n\n<hr class=\"wp-block-separator is-style-wide\"\/>\n","protected":false},"excerpt":{"rendered":"<p>Uusimpiin tapahtumiin Tapahtumia \u2013 Events: 2009 \u2013 2006, and The very first European TDWI Conferences 1997 \u2013 2000 15.12.2009 \u2013 Yhdistyksen s\u00e4\u00e4nt\u00f6m\u00e4\u00e4r\u00e4inen syyskokous Helsingiss\u00e4, Radisson Blu Royal Hotel. Ohjelmassa oli kokouksen lis\u00e4ksi esitykset: Anthony Howcroft, Data Warehouse Category Manager Europe at Microsoft UK Microsoft\u2019s large-scale Data Warehousing has been evident with the launch of a [&hellip;]<\/p>\n","protected":false},"author":1,"featured_media":248,"parent":42,"menu_order":48,"comment_status":"closed","ping_status":"closed","template":"","meta":{"footnotes":""},"class_list":["post-124","page","type-page","status-publish","has-post-thumbnail","hentry"],"_links":{"self":[{"href":"https:\/\/www.tdwi.fi\/blog\/wp-json\/wp\/v2\/pages\/124","targetHints":{"allow":["GET"]}}],"collection":[{"href":"https:\/\/www.tdwi.fi\/blog\/wp-json\/wp\/v2\/pages"}],"about":[{"href":"https:\/\/www.tdwi.fi\/blog\/wp-json\/wp\/v2\/types\/page"}],"author":[{"embeddable":true,"href":"https:\/\/www.tdwi.fi\/blog\/wp-json\/wp\/v2\/users\/1"}],"replies":[{"embeddable":true,"href":"https:\/\/www.tdwi.fi\/blog\/wp-json\/wp\/v2\/comments?post=124"}],"version-history":[{"count":20,"href":"https:\/\/www.tdwi.fi\/blog\/wp-json\/wp\/v2\/pages\/124\/revisions"}],"predecessor-version":[{"id":1896,"href":"https:\/\/www.tdwi.fi\/blog\/wp-json\/wp\/v2\/pages\/124\/revisions\/1896"}],"up":[{"embeddable":true,"href":"https:\/\/www.tdwi.fi\/blog\/wp-json\/wp\/v2\/pages\/42"}],"wp:featuredmedia":[{"embeddable":true,"href":"https:\/\/www.tdwi.fi\/blog\/wp-json\/wp\/v2\/media\/248"}],"wp:attachment":[{"href":"https:\/\/www.tdwi.fi\/blog\/wp-json\/wp\/v2\/media?parent=124"}],"curies":[{"name":"wp","href":"https:\/\/api.w.org\/{rel}","templated":true}]}}