{"id":1722,"date":"2021-08-16T09:17:30","date_gmt":"2021-08-16T07:17:30","guid":{"rendered":"https:\/\/www.tdwi.fi\/?page_id=1722"},"modified":"2026-03-01T11:07:50","modified_gmt":"2026-03-01T09:07:50","slug":"tdwi-finland-tervetuloa-welcome","status":"publish","type":"page","link":"https:\/\/www.tdwi.fi\/blog\/","title":{"rendered":"TDWI Finland &#8211; Tervetuloa &#8211; Welcome"},"content":{"rendered":"<p id=\"top\" \/>\r\n<p style=\"text-align: center;\">About the Data. Lead the Data. Govern the Data. Understand the Data. Embrace data from a strategic perspective. Embed best data practices in your business. TDWI Finland, for Your Development.<\/p>\r\n\r\n\r\n<hr class=\"wp-block-separator has-alpha-channel-opacity\" \/>\r\n\r\n\r\n\r\n\r\n\r\n\r\n<p class=\"has-text-align-center\" style=\"font-size: 18px; text-align: center;\">\u2013 Keskiviikkona 25.3.2026 \u2013 LIVE tapahtuma Scandic Simonkentt\u00e4 Helsinki \u2013<\/p>\r\n<p style=\"text-align: center;\">Synteettinen data ja AI. \u2013 Viitekehys. AI, rakentaminen ja k\u00e4ytt\u00f6\u00f6notto.<\/p>\r\n<p style=\"text-align: center;\">\u2013 Jussi Varjus ja Henri Vuorenp\u00e4\u00e4 \u2013<\/p>\r\n<p class=\"has-text-align-center\" style=\"font-size: 14px; text-align: center;\"><a href=\"https:\/\/www.tdwi.fi\/blog\/25-3-2026-synteettinen-data-ai-viitekehys\/\">https:\/\/www.tdwi.fi\/blog\/25-3-2026-synteettinen-data-ai-viitekehys\/<\/a><\/p>\r\n<hr class=\"wp-block-separator has-alpha-channel-opacity\" \/>\r\n<p style=\"text-align: center;\">\u2013 Tietovaraston tekemisest\u00e4 liiketoiminnallista hy\u00f6ty\u00e4 ; case Pohjois-Pohjanmaan hyvinvointialue \u2013 Laura Ker\u00e4nen \u2013 3.12.2025<\/p>\r\n<p style=\"text-align: center;\">\u2013 Teko\u00e4ly ja tietovarastointi. Millaisen pohjaty\u00f6n teko\u00e4lyn k\u00e4ytt\u00f6 analytiikassa ja raportoinnissa vaatii. \u2013 Tuukka Urpi \u2013\u00a0 3.12.2025<\/p>\r\n<p style=\"text-align: center;\">\u2013 Data ja AI liiketoiminnassa. Arvontuotto \u2013 OP \u2013 Helen \u2013 26.8.2025<\/p>\r\n<p style=\"text-align: center;\">\u2013 Building Medallion Architectures \u2013 Piethein Strengholt \u2013 12.6.2025<\/p>\r\n<p style=\"text-align: center;\">\u2013 Deciphering Data Architectures \u2013 James Serra \u2013 4.3.2025<\/p>\r\n<p style=\"text-align: center;\">\u2013 A Vision for Value \u2013 Larry Burns \u2013 12.2.2025<\/p>\r\n\r\n\r\n<div class=\"wp-block-image\">\r\n<figure class=\"aligncenter size-full is-resized\"><a href=\"https:\/\/www.tdwi.fi\/blog\/blog\/wp-content\/uploads\/2025\/01\/Screenshot-2025-01-16-112549.jpg\"><img loading=\"lazy\" decoding=\"async\" width=\"289\" height=\"58\" class=\"wp-image-2249 aligncenter\" style=\"width: 121px; height: auto;\" src=\"https:\/\/www.tdwi.fi\/blog\/blog\/wp-content\/uploads\/2025\/01\/Screenshot-2025-01-16-112549.jpg\" alt=\"\" \/><\/a><\/figure>\r\n<\/div>\r\n\r\n\r\n<p class=\"has-text-align-center\" style=\"font-size: 16px; text-align: center;\">\u2013 Data catalogs and the meta grid \u2013 Ole Olesen-Bagneux \u2013 9.1.25<\/p>\r\n\r\n\r\n<div class=\"wp-block-image\">\r\n<figure class=\"aligncenter size-full is-resized\"><a href=\"https:\/\/www.tdwi.fi\/blog\/blog\/wp-content\/uploads\/2025\/01\/Screenshot-2025-01-16-111838.jpg\"><img loading=\"lazy\" decoding=\"async\" width=\"289\" height=\"58\" class=\"wp-image-2247 aligncenter\" style=\"width: 116px; height: auto;\" src=\"https:\/\/www.tdwi.fi\/blog\/blog\/wp-content\/uploads\/2025\/01\/Screenshot-2025-01-16-111838.jpg\" alt=\"\" \/><\/a><\/figure>\r\n<\/div>\r\n\r\n\r\n<p class=\"has-text-align-center\" style=\"font-size: 16px; text-align: center;\">\u2013 Semantic Data Modeling and Knowledge Graphs \u2013 LLMs \u2013 Panos Alexopoulos \u2013 10.12.24<\/p>\r\n\r\n\r\n<div class=\"wp-block-image\">\r\n<figure class=\"aligncenter size-full is-resized\"><a href=\"https:\/\/www.tdwi.fi\/blog\/blog\/wp-content\/uploads\/2025\/01\/Screenshot-2025-01-16-111634.jpg\"><img loading=\"lazy\" decoding=\"async\" width=\"289\" height=\"61\" class=\"wp-image-2246 aligncenter\" style=\"width: 121px; height: auto;\" src=\"https:\/\/www.tdwi.fi\/blog\/blog\/wp-content\/uploads\/2025\/01\/Screenshot-2025-01-16-111634.jpg\" alt=\"\" \/><\/a><\/figure>\r\n<\/div>\r\n\r\n\r\n<p class=\"has-text-align-center\" style=\"font-size: 16px; text-align: center;\">\u2013 Data Engineering \u2013 Lifecycle &amp; Undercurrents \u2013 Joe Reis \u2013 19.11.24<\/p>\r\n\r\n\r\n<div class=\"wp-block-image\">\r\n<figure class=\"aligncenter size-full is-resized\"><a href=\"https:\/\/www.tdwi.fi\/blog\/blog\/wp-content\/uploads\/2025\/01\/Screenshot-2025-01-16-111243.jpg\"><img loading=\"lazy\" decoding=\"async\" width=\"288\" height=\"61\" class=\"wp-image-2244 aligncenter\" style=\"width: 122px; height: auto;\" src=\"https:\/\/www.tdwi.fi\/blog\/blog\/wp-content\/uploads\/2025\/01\/Screenshot-2025-01-16-111243.jpg\" alt=\"\" \/><\/a><\/figure>\r\n<\/div>\r\n\r\n\r\n<p class=\"has-text-align-center\" style=\"font-size: 16px; text-align: center;\">\u2013 Trustworthy AI \u2013 EU AI Act teko\u00e4lys\u00e4\u00e4d\u00f6s \u2013 LIVE TAPAHTUMA \u2013 11.9.24<\/p>\r\n\r\n\r\n<div class=\"wp-block-image\">\r\n<figure class=\"aligncenter size-full is-resized\"><a href=\"https:\/\/www.tdwi.fi\/blog\/blog\/wp-content\/uploads\/2025\/01\/Screenshot-2025-01-16-112420.jpg\"><img loading=\"lazy\" decoding=\"async\" width=\"289\" height=\"61\" class=\"wp-image-2248 aligncenter\" style=\"width: 119px; height: auto;\" src=\"https:\/\/www.tdwi.fi\/blog\/blog\/wp-content\/uploads\/2025\/01\/Screenshot-2025-01-16-112420.jpg\" alt=\"\" \/><\/a><\/figure>\r\n<\/div>\r\n\r\n\r\n<p class=\"has-text-align-center\" style=\"font-size: 16px; text-align: center;\">S\u00e4\u00e4st\u00f6pankin datamatka \u2013 Zero to Hero \u2013 Jyri Mustonen \u2013 Jarkko Utter \u2013 Lasse Ruokolainen. \u2013 25.4.24<\/p>\r\n\r\n\r\n<div class=\"wp-block-image\">\r\n<figure class=\"aligncenter size-full is-resized\"><a href=\"https:\/\/www.tdwi.fi\/blog\/blog\/wp-content\/uploads\/2024\/03\/Screenshot-2024-03-11-080844.jpg\"><img loading=\"lazy\" decoding=\"async\" width=\"242\" height=\"55\" class=\"wp-image-2153 aligncenter\" style=\"width: 126px; height: auto;\" src=\"https:\/\/www.tdwi.fi\/blog\/blog\/wp-content\/uploads\/2024\/03\/Screenshot-2024-03-11-080844.jpg\" alt=\"\" \/><\/a><\/figure>\r\n<\/div>\r\n\r\n\r\n<p class=\"has-text-align-center\" style=\"font-size: 16px; text-align: center;\">\u2013 Tietojohtaminen, koneoppiminen, ratkaisuja ja menestystekij\u00f6it\u00e4 \u2013 LIVE TAPAHTUMA \u2013 5.3.24<\/p>\r\n\r\n\r\n<div class=\"wp-block-image\">\r\n<figure class=\"aligncenter size-full is-resized\"><a href=\"https:\/\/www.tdwi.fi\/blog\/blog\/wp-content\/uploads\/2024\/03\/Screenshot-2024-03-11-081353.png\"><img loading=\"lazy\" decoding=\"async\" width=\"126\" height=\"27\" class=\"wp-image-2156 aligncenter\" style=\"width: 126px;\" src=\"https:\/\/www.tdwi.fi\/blog\/blog\/wp-content\/uploads\/2024\/03\/Screenshot-2024-03-11-081353.png\" alt=\"\" \/><\/a><\/figure>\r\n<\/div>\r\n\r\n\r\n<p class=\"has-text-align-center\" style=\"font-size: 16px; text-align: center;\">\u2013 Using data domains for Data Governance \u2013 David Plotkin \u2013 13.2.24<\/p>\r\n\r\n\r\n<div class=\"wp-block-image\">\r\n<figure class=\"aligncenter size-full is-resized\"><a href=\"https:\/\/www.tdwi.fi\/blog\/blog\/wp-content\/uploads\/2024\/03\/Screenshot-2024-03-11-081703.png\"><img loading=\"lazy\" decoding=\"async\" width=\"126\" height=\"24\" class=\"wp-image-2159 aligncenter\" style=\"width: 126px;\" src=\"https:\/\/www.tdwi.fi\/blog\/blog\/wp-content\/uploads\/2024\/03\/Screenshot-2024-03-11-081703.png\" alt=\"\" \/><\/a><\/figure>\r\n<\/div>\r\n\r\n\r\n<p class=\"has-text-align-center\" style=\"font-size: 16px; text-align: center;\">\u2013 Generative AI: What is it and Why Should You Care? \u2013 Stephen Brobst \u2013 23.11.23<\/p>\r\n\r\n\r\n<hr class=\"wp-block-separator has-css-opacity is-style-wide\" \/>\r\n<p style=\"text-align: center;\"><strong>Viimeisimm\u00e4t tapahtumamme<\/strong><\/p>\r\n<!-- \/wp:post-content -->\r\n\r\n<!-- wp:paragraph {\"align\":\"center\"} -->\r\n<p class=\"has-text-align-center\" style=\"text-align: center;\">Tapahtumiemme laatua on kiitetty. N\u00e4ihin tullaan mielell\u00e4\u00e4n uudestaan ja n\u00e4it\u00e4 suositellaan muille.<\/p>\r\n<!-- \/wp:paragraph -->\r\n\r\n<!-- wp:paragraph {\"align\":\"center\",\"fontSize\":\"small\"} -->\r\n<p class=\"has-text-align-center has-small-font-size\" style=\"text-align: center;\"><a href=\"https:\/\/www.tdwi.fi\/blog\/tdwi-finland-posts\/\">https:\/\/www.tdwi.fi\/blog\/tdwi-finland-posts\/<\/a><\/p>\r\n<!-- \/wp:paragraph -->\r\n\r\n<!-- wp:separator {\"opacity\":\"css\",\"className\":\"is-style-wide\"} --><hr class=\"wp-block-separator has-css-opacity is-style-wide\" \/><!-- \/wp:separator -->\r\n\r\n<!-- wp:paragraph {\"align\":\"center\"} -->\r\n<p class=\"has-text-align-center\" style=\"text-align: center;\"><strong> Yhdistyksen j\u00e4seneksi<\/strong><\/p>\r\n<!-- \/wp:paragraph -->\r\n\r\n<!-- wp:paragraph {\"align\":\"center\"} -->\r\n<p class=\"has-text-align-center\" style=\"text-align: center;\">J\u00e4senmaksulla saat meill\u00e4 paljon. Kaikki Suomessa j\u00e4rjest\u00e4m\u00e4mme tapahtumat sis\u00e4ltyv\u00e4t vuotuiseen maksuun. Totta. Kaikki.<\/p>\r\n<!-- \/wp:paragraph -->\r\n\r\n<!-- wp:paragraph {\"align\":\"center\",\"fontSize\":\"small\"} -->\r\n<p class=\"has-text-align-center has-small-font-size\" style=\"text-align: center;\"><a href=\"https:\/\/www.tdwi.fi\/blog\/jasenyys-membership\/\">https:\/\/www.tdwi.fi\/blog\/jasenyys-membership\/<\/a><\/p>\r\n<!-- \/wp:paragraph -->\r\n\r\n<!-- wp:separator {\"opacity\":\"css\",\"className\":\"is-style-wide\"} --><hr class=\"wp-block-separator has-css-opacity is-style-wide\" \/><!-- \/wp:separator -->\r\n\r\n<!-- wp:paragraph {\"align\":\"center\"} -->\r\n<p class=\"has-text-align-center\" style=\"text-align: center;\"><strong>TDWI kansainv\u00e4lisen\u00e4<\/strong><\/p>\r\n<!-- \/wp:paragraph -->\r\n\r\n<!-- wp:paragraph {\"align\":\"center\"} -->\r\n<p class=\"has-text-align-center\" style=\"text-align: center;\">Yhdistyksemme j\u00e4senet ovat my\u00f6s kansainv\u00e4lisen TDWI yhteis\u00f6n premium j\u00e4seni\u00e4. T\u00e4m\u00e4 tuo lukuisia lis\u00e4etuja.<\/p>\r\n<!-- \/wp:paragraph -->\r\n\r\n<!-- wp:paragraph {\"align\":\"center\",\"fontSize\":\"small\"} -->\r\n<p class=\"has-text-align-center has-small-font-size\" style=\"text-align: center;\"><a href=\"https:\/\/www.tdwi.fi\/blog\/tdwi-org\/\">https:\/\/www.tdwi.fi\/blog\/tdwi-org\/<\/a><\/p>\r\n<!-- \/wp:paragraph -->\r\n\r\n<!-- wp:separator {\"opacity\":\"css\",\"className\":\"is-style-wide\"} --><hr class=\"wp-block-separator has-css-opacity is-style-wide\" \/><!-- \/wp:separator -->\r\n\r\n<!-- wp:paragraph {\"align\":\"center\"} -->\r\n<p class=\"has-text-align-center\" style=\"text-align: center;\"><strong>Ole yhteydess\u00e4<\/strong><\/p>\r\n<!-- \/wp:paragraph -->\r\n\r\n<!-- wp:paragraph {\"align\":\"center\"} -->\r\n<p class=\"has-text-align-center\" style=\"text-align: center;\">Yhteystietosivultamme l\u00f6yd\u00e4t viralliset rekisteritietomme, yhdistyksen yhteystiedot ja hallitusj\u00e4senten yhteystiedot.<\/p>\r\n<!-- \/wp:paragraph -->\r\n\r\n<!-- wp:paragraph {\"align\":\"center\",\"fontSize\":\"small\"} -->\r\n<p class=\"has-text-align-center has-small-font-size\" style=\"text-align: center;\"><a href=\"https:\/\/www.tdwi.fi\/blog\/yhteystiedot-contact-us\/\">https:\/\/www.tdwi.fi\/blog\/yhteystiedot-contact-us\/<\/a><\/p>\r\n<!-- \/wp:paragraph -->\r\n\r\n<!-- wp:separator {\"opacity\":\"css\",\"className\":\"is-style-wide\"} --><hr class=\"wp-block-separator has-css-opacity is-style-wide\" \/><!-- \/wp:separator -->","protected":false},"excerpt":{"rendered":"<p>About the Data. Lead the Data. Govern the Data. Understand the Data. Embrace data from a strategic perspective. Embed best data practices in your business. TDWI Finland, for Your Development. \u2013 Data catalogs and the meta grid \u2013 Ole Olesen-Bagneux \u2013 9.1.25 \u2013 Semantic Data Modeling and Knowledge Graphs \u2013 LLMs \u2013 Panos Alexopoulos \u2013 [&hellip;]<\/p>\n","protected":false},"author":1,"featured_media":2090,"parent":0,"menu_order":0,"comment_status":"closed","ping_status":"closed","template":"","meta":{"footnotes":""},"class_list":["post-1722","page","type-page","status-publish","has-post-thumbnail","hentry"],"_links":{"self":[{"href":"https:\/\/www.tdwi.fi\/blog\/wp-json\/wp\/v2\/pages\/1722","targetHints":{"allow":["GET"]}}],"collection":[{"href":"https:\/\/www.tdwi.fi\/blog\/wp-json\/wp\/v2\/pages"}],"about":[{"href":"https:\/\/www.tdwi.fi\/blog\/wp-json\/wp\/v2\/types\/page"}],"author":[{"embeddable":true,"href":"https:\/\/www.tdwi.fi\/blog\/wp-json\/wp\/v2\/users\/1"}],"replies":[{"embeddable":true,"href":"https:\/\/www.tdwi.fi\/blog\/wp-json\/wp\/v2\/comments?post=1722"}],"version-history":[{"count":124,"href":"https:\/\/www.tdwi.fi\/blog\/wp-json\/wp\/v2\/pages\/1722\/revisions"}],"predecessor-version":[{"id":2359,"href":"https:\/\/www.tdwi.fi\/blog\/wp-json\/wp\/v2\/pages\/1722\/revisions\/2359"}],"wp:featuredmedia":[{"embeddable":true,"href":"https:\/\/www.tdwi.fi\/blog\/wp-json\/wp\/v2\/media\/2090"}],"wp:attachment":[{"href":"https:\/\/www.tdwi.fi\/blog\/wp-json\/wp\/v2\/media?parent=1722"}],"curies":[{"name":"wp","href":"https:\/\/api.w.org\/{rel}","templated":true}]}}