{"id":181,"date":"2011-01-01T17:29:31","date_gmt":"2011-01-01T15:29:31","guid":{"rendered":"http:\/\/www.tdwi.fi\/"},"modified":"2011-06-05T12:01:49","modified_gmt":"2011-06-05T10:01:49","slug":"some-biographies","status":"publish","type":"page","link":"https:\/\/www.tdwi.fi\/blog\/tapahtumia-events\/some-biographies\/","title":{"rendered":"Some Biographies"},"content":{"rendered":"<p id=\"top\" \/><a name=\"DarioBezzina\"><\/a><\/p>\n<h3>Biography of Dario Bezzina<\/h3>\n<p><a href=\"http:\/\/se.linkedin.com\/in\/dariobezzina\">http:\/\/se.linkedin.com\/in\/dariobezzina<\/a><br \/>\n<a href=\"http:\/\/www.tdwi.fi\/tapahtumia-events\/#DarioBezzina\" target=\"_self\">Event with Dario<\/a><br \/>\n<a name=\"EmielvanBockel\"><\/a><\/p>\n<h3>Biography of Emiel van Bockel<\/h3>\n<p><a href=\"http:\/\/www.bifacts.com\/about\/\">Emiel van Bockel<\/a><br \/>\n<a href=\"http:\/\/www.tdwi.fi\/tapahtumia-events\/#EmielvanBockel\" target=\"_self\"><span style=\"color: #0000ff;\">Event with Emiel<\/span><\/a><\/p>\n<p><a name=\"StephenBrobst\"><\/a><\/p>\n<h3>Biography of Stephen Brobst<\/h3>\n<p>Stephen Brobst has been on the faculty of TDWI since 1996. His expertise is in the identification and development of opportunities for the strategic use of technology in competitive business environments. Over the past twenty years Stephen has been involved in numerous engagements in which he has been called upon to apply his combined expertise in business strategy and high-end parallel systems to develop frameworks for data warehousing and data mining to leverage information for strategic advantage. Clients with whom he has worked include leaders such as Office Depot, Fidelity Investments, General Motors Corporation, Kroger Company, Wells Fargo Bank, Wal*Mart, AT&amp;T Communications, Aetna Health Plans, Metropolitan Life Insurance, VISA International, Vodafone, Blockbuster Entertainment, Blue Cross Blue Shield, Nationwide Insurance, American Airlines, Mayo Clinic, Walgreen Corporation, and many more. Stephen has particular expertise in the deployment of solutions for maximizing the value of customer relationships through use of advanced CRM techniques (including Web deployment).<\/p>\n<p>Stephen has hands-on experience in benchmarking and data warehouse construction with every major SMP, NUMA and MPP architecture available in the industry today. Stephen has served as an advisor to the Transaction Processing Council in regard to design for the TPC benchmarks and was involved in the development of the DataChallange benchmark in cooperation with the Transaction Processing Council. He has also served on the Oracle VLDB Steering Group Committee and the Teradata User Advisory Board. Stephen has worked extensively on VLDB implementations with Oracle, DB2 (both zOS and AIX), Teradata, Netezza, Informix (both XPS and ODS), Sybase (both Adaptive Server and IQ), Microsoft SQL Server, Red Brick, Non-Stop SQL, and many other leading DBMS products. Prior to joining NCR, Stephen successfully launched three start-up companies related to high-end database products and services in the data warehousing and e-business marketplaces: (1) Tanning Technology Corporation (IPO on NASDAQ), (2) NexTek Solutions (acquired by IBM), and (3) Strategic Technologies &amp; Systems (acquired by NCR).<\/p>\n<p>Previously, Stephen taught graduate courses at Boston University and the Massachusetts Institute of Technology in both the MBA program at the Sloan School of Management and in the Computer Science departments of both universities. He received instructor of the year award for two of his last five years in the MET Computer Science department at Boston University and continues to guest lecture frequently at the Massachusetts Institute of Technology and the Kellogg Graduate School of Management. Stephen performed Masters and PhD research at the Massachusetts Institute of Technology where his dissertation work focused on load-balancing and resource allocation for parallel computing architectures. He also holds an MBA with joint course and thesis work at the Harvard Business School and the MIT Sloan School of Management. Stephen completed his undergraduate work in Electrical Engineering and Computer Science in just three years at U.C. Berkeley, and was awarded with the highest honor given to a graduating senior in the College of Engineering (Bechtel Engineering Award). Stephen is an elected member of the Phi Beta Kappa, Eta Kappa Nu, Tau Beta Pi, Sigma Xi, New York Academy of Sciences, U.C. Berkeley Alumni Scholars Association, and California Scholarship Federation honor societies. He is also a member of the Association for Computing Machinery, IEEE, Society for Information Management, and Computing Professionals for Social Responsibility. Stephen also serves as an advisor to the National Academy of Sciences in the area of IT workforce development.<\/p>\n<p>Stephen has authored numerous journal and conference papers in the fields of data management and parallel computing environments and is an internationally recognized speaker (and practitioner) in the area of breakthrough systems implementation. He recently co-authored a book, Building a Data Warehouse for Decision Support, published by Prentice Hall PTR. Stephen is currently working on a second book focused on real-time data warehousing. He has been a contributing editor for Intelligent Enterprise Magazine and has published dozens of technical articles in The International Journal of High Speed Computing, Communications of the ACM, The Journal of Data Warehousing, Enterprise Systems Journal, DM Review, Database Programming and Design, DBMS Tools &amp; Techniques, DB2 Magazine, Oracle Magazine, Teradata Review, and many others. Stephen has also served on the RealWare Panel for recognizing outstanding implementations in the field of e-commerce and customer relationship management (CRM) solutions.<\/p>\n<p><a href=\"http:\/\/www.tdwi.fi\/tapahtumia-events\/#StephenBrobst\" target=\"_self\">Event with Stephen<\/a><br \/>\n<a name=\"HenryCook\"><\/a><\/p>\n<h3>Biography of Henry Cook<\/h3>\n<p><a href=\"http:\/\/www.tdwi.fi\/tapahtumia\/HenryCook.pdf\" target=\"_blank\">Henry Cook<\/a><br \/>\n<a href=\"http:\/\/www.tdwi.fi\/tapahtumia-events\/tapahtumia-events-2008\/#HenryCook\" target=\"_self\"><span style=\"color: #0000ff;\">Event with Henry<\/span><\/a><\/p>\n<p><a name=\"BarryDevlin\"><\/a><\/p>\n<h3>Biography of Barry Devlin<\/h3>\n<p><a href=\"http:\/\/www.9sight.com\/index.htm\" target=\"_blank\">Barry Devlin<\/a><\/p>\n<p>Dr. Barry Devlin is a founder of the data warehousing industry and among the foremost authorities worldwide on business intelligence (BI) and beyond. He is a widely respected consultant, lecturer and author of &#8220;Data Warehouse\u2014from Architecture to Implementation&#8221;. Barry has 30 years of experience in the IT industry, previously with IBM, as an architect, consultant, manager and software evangelist.<\/p>\n<p>As founder and principal of 9sight Consulting (www.9sight.com), Barry provides strategic consulting and thought-leadership to buyers and vendors of BI solutions. He is currently developing a new architectural model for fully consistent business support\u2014from informational to operational and collaborative\u2014Business Integrated Insight (BI2). Recently relocated to Cape Town, Barry works both locally and internationally.<\/p>\n<p><a href=\"http:\/\/www.tdwi.fi\/tapahtumia-events\/tapahtumia-events\/#BarryDevlin\" target=\"_self\"><span style=\"color: #0000ff;\">Event with Barry<\/span><\/a><\/p>\n<p><a name=\"TeemuMalmi\"><\/a><\/p>\n<h3>Biography of Teemu Malmi<\/h3>\n<p><a href=\"http:\/\/www.hse.fi\/FI\/HKI\/M\/Teemu_Malmi\/12_PersonalPage.htm\" target=\"_blank\">Teemu Malmi<\/a><br \/>\n<a href=\"http:\/\/www.tdwi.fi\/tapahtumia-events\/tapahtumia-events-2008\/#TeemuMalmi\" target=\"_self\"><span style=\"color: #0000ff;\">Event with Teemu<\/span><\/a><\/p>\n<p><a name=\"AllenMesserli\"><\/a><\/p>\n<h3>Biography of Allen &#8220;Al&#8221; Messerli<\/h3>\n<p><a href=\"http:\/\/www.tdwi.fi\/tapahtumia\/Al%20Messerli%20_TDWIF%20_2007.htm\" target=\"_blank\">Al Messerli<\/a><br \/>\n<a href=\"http:\/\/www.tdwi.fi\/tapahtumia-events\/tapahtumia-events-2007\/#AllenMesserli\" target=\"_self\"><span style=\"color: #0000ff;\">Event with Al<\/span><\/a><\/p>\n<p><a name=\"WillOShea\"><\/a><\/p>\n<h3>Biography of Will O&#8217;Shea<\/h3>\n<p>Will O&#8217;Shea is the Technical Design Architect on a National Information Repository for a Healthcare provider and the worlds 4th largest organisation. He is an Oracle Certified Professional (OCP) with experience gained over 20 years from working on multi (xx) terabytes systems across Financial, Healthcare and Pharmaceuticals.<\/p>\n<p><a href=\"http:\/\/www.tdwi.fi\/tapahtumia-events\/#WillOShea\" target=\"_self\">Event with Will<\/a><\/p>\n<p><a name=\"JasonPerkins\"><\/a><\/p>\n<h3>Biography of Jason Perkins<\/h3>\n<p>Jason Perkins is currently the Chief Architect on a National Healthcare data warehouse for an international system integrator. He has over a decade experience working on multi million pound programmes on some of the worlds largest and most complex BI &amp; DW platforms. He is an international speaker on large scale BI\/DW having presented at DAMA, TDWI and Oracle conferences. His qualifications include being a TDWI Certified Business Intelligence Professional and DAMA Certified Data Management Professional.<\/p>\n<p><a href=\"http:\/\/www.tdwi.fi\/tapahtumia-events\/#JasonPerkins\" target=\"_self\">Event with Jason<\/a><\/p>\n<p>EWOC (rel. to Jason and Will) is a boutique consultancy specialising in delivering large scale business intelligence and data warehousing (VLDW) programmes. For further information please see <a href=\"http:\/\/www.ewoc.info\/\">http:\/\/www.ewoc.info\/<\/a><\/p>\n<p><a name=\"TonyRathburn\"><\/a><\/p>\n<h3>Biography of Thomas &#8220;Tony&#8221; Rathburn<\/h3>\n<p><a href=\"http:\/\/www.the-modeling-agency.com\/training\/faculty.html\">Thomas \u201cTony\u201d Rathburn<\/a><\/p>\n<p><a name=\"HannuRitvanen\"><\/a><\/p>\n<h3>Biography of Hannu Ritvanen<\/h3>\n<p>Hannu Ritvanen on yksi kirjan: &#8220;BICC &#8211; Business Intelligence Competence Center&#8221; (Wiley &amp; Sons, 2006) kirjoittajista. H\u00e4n oli my\u00f6s kokonaisarkkitehtuurin osaamisyhteis\u00f6n (KAOS) aloitteentekij\u00f6it\u00e4 ja h\u00e4n on TDWI Finlandin hallituksen j\u00e4sen. Hannu on ollut TIVI 100 vaikuttajalistalla vuosina 2005-2009. Parhaillaan h\u00e4n viimeistelee v\u00e4it\u00f6skirjaa aineettomaan p\u00e4\u00e4omaan liittyvist\u00e4 riskeist\u00e4. Aiemmin h\u00e4n on ty\u00f6skennellyt tiet\u00e4mysj\u00e4rjestelmien parissa. automatisoimassa p\u00e4\u00e4t\u00f6ksentekoa liiketoimintaprosesseissa sek\u00e4 liiketoimintakonsulttina. (T\u00e4m\u00e4 kuvaus kirjoitettu kes\u00e4kuussa 2011)<\/p>\n<p><a name=\"NigelTurner\"><\/a><\/p>\n<h3>Biography of Nigel Turner<\/h3>\n<p><a href=\"http:\/\/www.linkedin.com\/profile\/view?id=723641\" target=\"_blank\">Nigel Turner<\/a><br \/>\n<a href=\"http:\/\/www.tdwi.fi\/tapahtumia-events\/tapahtumia-events-2008\/#NigelTurner\" target=\"_self\"><span style=\"color: #0000ff;\">Event with Nigel<\/span><\/a><\/p>\n","protected":false},"excerpt":{"rendered":"<p>Biography of Dario Bezzina http:\/\/se.linkedin.com\/in\/dariobezzina Event with Dario Biography of Emiel van Bockel Emiel van Bockel Event with Emiel Biography of Stephen Brobst Stephen Brobst has been on the faculty of TDWI since 1996. His expertise is in the identification and development of opportunities for the strategic use of technology in competitive business environments. Over [&hellip;]<\/p>\n","protected":false},"author":1,"featured_media":248,"parent":42,"menu_order":49,"comment_status":"closed","ping_status":"closed","template":"","meta":{"footnotes":""},"class_list":["post-181","page","type-page","status-publish","has-post-thumbnail","hentry"],"_links":{"self":[{"href":"https:\/\/www.tdwi.fi\/blog\/wp-json\/wp\/v2\/pages\/181","targetHints":{"allow":["GET"]}}],"collection":[{"href":"https:\/\/www.tdwi.fi\/blog\/wp-json\/wp\/v2\/pages"}],"about":[{"href":"https:\/\/www.tdwi.fi\/blog\/wp-json\/wp\/v2\/types\/page"}],"author":[{"embeddable":true,"href":"https:\/\/www.tdwi.fi\/blog\/wp-json\/wp\/v2\/users\/1"}],"replies":[{"embeddable":true,"href":"https:\/\/www.tdwi.fi\/blog\/wp-json\/wp\/v2\/comments?post=181"}],"version-history":[{"count":15,"href":"https:\/\/www.tdwi.fi\/blog\/wp-json\/wp\/v2\/pages\/181\/revisions"}],"predecessor-version":[{"id":542,"href":"https:\/\/www.tdwi.fi\/blog\/wp-json\/wp\/v2\/pages\/181\/revisions\/542"}],"up":[{"embeddable":true,"href":"https:\/\/www.tdwi.fi\/blog\/wp-json\/wp\/v2\/pages\/42"}],"wp:featuredmedia":[{"embeddable":true,"href":"https:\/\/www.tdwi.fi\/blog\/wp-json\/wp\/v2\/media\/248"}],"wp:attachment":[{"href":"https:\/\/www.tdwi.fi\/blog\/wp-json\/wp\/v2\/media?parent=181"}],"curies":[{"name":"wp","href":"https:\/\/api.w.org\/{rel}","templated":true}]}}