{"id":2,"date":"2010-12-27T11:58:19","date_gmt":"2010-12-27T11:58:19","guid":{"rendered":"http:\/\/www.tdwi.fi\/blog\/?page_id=2"},"modified":"2021-10-08T07:39:57","modified_gmt":"2021-10-08T05:39:57","slug":"about","status":"publish","type":"page","link":"https:\/\/www.tdwi.fi\/blog\/about\/","title":{"rendered":"TDWI Finland"},"content":{"rendered":"<p id=\"top\" \/>\n<h4 class=\"wp-block-heading\">TDWI Finland on osaamisyhteis\u00f6<a href=\"https:\/\/www.tdwi.fi\/blog\/blog\/wp-content\/uploads\/2010\/12\/TDWI_uusi_logo_tagline.png\"><\/a><\/h4>\n\n\n\n<p>Meill\u00e4 <strong>liiketoiminnan, johtamisen\u00a0ja\u00a0tietoty\u00f6n ammattilaiset<\/strong> kokoontuvat jakamaan tietoja ja taitoja, ja kehitt\u00e4m\u00e4\u00e4n sek\u00e4 omaa ett\u00e4 organisaationsa osaamista.<\/p>\n\n\n\n<p>Osaamisyhteis\u00f6mme tukee yksil\u00f6it\u00e4, tiimej\u00e4 ja organisaatioita hy\u00f6dynt\u00e4m\u00e4\u00e4n tietoja, parantamaan p\u00e4\u00e4t\u00f6ksentekoa, optimoimaan suorituskyky\u00e4 ja saavuttamaan toiminnan tavoitteet.<\/p>\n\n\n\n<p>Arvonamme on alamme johtavana yhteis\u00f6n\u00e4 Suomessa toimia laadukkaasti ja neutraalisti. Yhdist\u00e4mme asiakkaat, kumppanit ja toimittajat kehittym\u00e4\u00e4n yhdess\u00e4 oman alansa parhaimmiksi.<\/p>\n\n\n\n<p>TDWI Finland perustettiin Helsingiss\u00e4 18.2.1997.<\/p>\n\n\n\n<p>Yhdistys kuuluu&nbsp;maailmanlaajuiseen TDWI-yhteis\u00f6\u00f6n (tdwi.org), jonka palvelut, j\u00e4senille postitettavat julkaisut ja verkkosivustot ovat j\u00e4sentemme k\u00e4ytett\u00e4viss\u00e4. K\u00e4ytett\u00e4viss\u00e4mme ovat my\u00f6s TDWI:n j\u00e4senilleen tarjoamat koulutuksen ja tutkimuksen ohjelmat.<\/p>\n\n\n\n<p class=\"has-small-font-size\">&#8211; Business Intelligence &#8211; BI &#8211; Business Analytics &#8211; Enterprise Architecture &#8211; Information Architecture &#8211; Kokonaisarkkitehtuuri &#8211; Tietoarkkitehtuuri &#8211; Tiedolla johtaminen &#8211; Tietojohtaminen &#8211; Fact-Based Decision Making &#8211; Performance Reporting &#8211; DW &#8211; Data Warehousing &#8211; Tietovarastointi &#8211;<\/p>\n\n\n\n<hr class=\"wp-block-separator is-style-wide\"\/>\n\n\n\n<h4 class=\"wp-block-heading\">Governance of TDWI Chapter<\/h4>\n\n\n\n<p>The Finnish TDWI Chapter (TDWI Finland) is independent association registered in Finland and managed by Finnish regulations and statutes of the association. It has been representative of TDWI in Finland since 1997. TDWI Finland is managed and run by a local Board of the association. Members of TDWI Finland are members of TDWI community as well.<\/p>\n\n\n\n<p>TDWI, a division of 1105 Media LLC, provides individuals and teams with a comprehensive portfolio of business and technical education and research to acquire the knowledge and skills they need, when and where they need them. The in-depth, best-practices-based information TDWI offers can be quickly applied to develop world-class talent across your organization\u2019s business and IT functions to enhance analytical, data-driven decision making and performance.<\/p>\n\n\n\n<p>TDWI advances the art and science of realizing business value from data by providing an objective forum where industry experts, solution providers, and practitioners can explore and enhance data competencies, practices, and technologies.<\/p>\n\n\n\n<hr class=\"wp-block-separator is-style-wide\"\/>\n","protected":false},"excerpt":{"rendered":"<p>TDWI Finland on osaamisyhteis\u00f6 Meill\u00e4 liiketoiminnan, johtamisen\u00a0ja\u00a0tietoty\u00f6n ammattilaiset kokoontuvat jakamaan tietoja ja taitoja, ja kehitt\u00e4m\u00e4\u00e4n sek\u00e4 omaa ett\u00e4 organisaationsa osaamista. Osaamisyhteis\u00f6mme tukee yksil\u00f6it\u00e4, tiimej\u00e4 ja organisaatioita hy\u00f6dynt\u00e4m\u00e4\u00e4n tietoja, parantamaan p\u00e4\u00e4t\u00f6ksentekoa, optimoimaan suorituskyky\u00e4 ja saavuttamaan toiminnan tavoitteet. Arvonamme on alamme johtavana yhteis\u00f6n\u00e4 Suomessa toimia laadukkaasti ja neutraalisti. Yhdist\u00e4mme asiakkaat, kumppanit ja toimittajat kehittym\u00e4\u00e4n yhdess\u00e4 oman alansa [&hellip;]<\/p>\n","protected":false},"author":1,"featured_media":248,"parent":0,"menu_order":0,"comment_status":"closed","ping_status":"closed","template":"","meta":{"footnotes":""},"class_list":["post-2","page","type-page","status-publish","has-post-thumbnail","hentry"],"_links":{"self":[{"href":"https:\/\/www.tdwi.fi\/blog\/wp-json\/wp\/v2\/pages\/2","targetHints":{"allow":["GET"]}}],"collection":[{"href":"https:\/\/www.tdwi.fi\/blog\/wp-json\/wp\/v2\/pages"}],"about":[{"href":"https:\/\/www.tdwi.fi\/blog\/wp-json\/wp\/v2\/types\/page"}],"author":[{"embeddable":true,"href":"https:\/\/www.tdwi.fi\/blog\/wp-json\/wp\/v2\/users\/1"}],"replies":[{"embeddable":true,"href":"https:\/\/www.tdwi.fi\/blog\/wp-json\/wp\/v2\/comments?post=2"}],"version-history":[{"count":42,"href":"https:\/\/www.tdwi.fi\/blog\/wp-json\/wp\/v2\/pages\/2\/revisions"}],"predecessor-version":[{"id":1893,"href":"https:\/\/www.tdwi.fi\/blog\/wp-json\/wp\/v2\/pages\/2\/revisions\/1893"}],"wp:featuredmedia":[{"embeddable":true,"href":"https:\/\/www.tdwi.fi\/blog\/wp-json\/wp\/v2\/media\/248"}],"wp:attachment":[{"href":"https:\/\/www.tdwi.fi\/blog\/wp-json\/wp\/v2\/media?parent=2"}],"curies":[{"name":"wp","href":"https:\/\/api.w.org\/{rel}","templated":true}]}}