{"id":25,"date":"2010-12-27T21:53:04","date_gmt":"2010-12-27T19:53:04","guid":{"rendered":"http:\/\/www.tdwi.fi\/blog\/"},"modified":"2026-01-19T13:45:17","modified_gmt":"2026-01-19T11:45:17","slug":"yhteystiedot-contact-us","status":"publish","type":"page","link":"https:\/\/www.tdwi.fi\/blog\/yhteystiedot-contact-us\/","title":{"rendered":"Yhteystiedot &#8211; Contact us"},"content":{"rendered":"<p id=\"top\" \/>\r\n<p>TDWI Finland ry<br \/>Susanna Koskinen<br \/>Harjulankatu 6<br \/>FIN-04250 Kerava<br \/>Finland<\/p>\r\n\r\n\r\n\r\n<p>Puh:+358 (0)20 792 9892 , +358 (0)40 535 2617<\/p>\r\n\r\n\r\n\r\n<p><strong>J\u00e4senasiat<\/strong>: <a href=\"mailto:info@tdwi.fi\">info@tdwi.fi<\/a><\/p>\r\n\r\n\r\n\r\n<p>Yhdistys: Business ID, Y-tunnus <a href=\"https:\/\/yhdistysrekisteri.prh.fi\/basicinformation?userLang=en&amp;businessId=2252177-1\" target=\"_blank\" rel=\"noopener noreferrer\">2252177-1<\/a>, kotipaikka Helsinki.<\/p>\r\n\r\n\r\n<hr class=\"wp-block-separator has-css-opacity is-style-wide\" \/>\r\n\r\n\r\n<h4 class=\"wp-block-heading\">TDWI Finlandin hallitus <strong>2026<\/strong>\u00a0\/ TDWI Finland Board<\/h4>\r\n\r\n\r\n\r\n<p>Petri Hakanen, Petri Hakanen Oy &#8211; puheenjohtaja &#8211; Chairman, petri.hakanen@tdwi.fi<br \/>Taru J\u00e4\u00e4skel\u00e4inen, OP Pohjola<br \/>Satu Kullstr\u00f6m, LTC-Otso<br \/>Taina Lepist\u00f6, Loihde Advance<br \/>Jarno Lindqvist, SAS Institute<br \/>Minna Oksanen, Gofore<br \/>Petri R\u00e4s\u00e4nen, Etlia<br \/>Jani Salmi, Kela<br \/>Seija Sutinen, InfoBuild<\/p>\r\n\r\n\r\n\r\n<p>ja laajennetussa hallitusty\u00f6ryhm\u00e4ss\u00e4 \r\n\r\n<\/p>\r\n<p>Outi Ainasoja, Solita<br \/>Filip Trejtnar, Kela<br \/>Jyrki Tunnela, Fintraffic<\/p>\r\n<p><\/p>","protected":false},"excerpt":{"rendered":"<p>TDWI Finland rySusanna KoskinenHarjulankatu 6FIN-04250 KeravaFinland Puh:+358 (0)20 792 9892 , +358 (0)40 535 2617 J\u00e4senasiat: info@tdwi.fi Yhdistys: Business ID, Y-tunnus 2252177-1, kotipaikka Helsinki. TDWI Finlandin hallitus 2026\u00a0\/ TDWI Finland Board Petri Hakanen, Petri Hakanen Oy &#8211; puheenjohtaja &#8211; Chairman, petri.hakanen@tdwi.fiTaru J\u00e4\u00e4skel\u00e4inen, OP PohjolaSatu Kullstr\u00f6m, LTC-OtsoTaina Lepist\u00f6, Loihde AdvanceJarno Lindqvist, SAS InstituteMinna Oksanen, GoforePetri R\u00e4s\u00e4nen, [&hellip;]<\/p>\n","protected":false},"author":1,"featured_media":248,"parent":0,"menu_order":80,"comment_status":"closed","ping_status":"closed","template":"","meta":{"footnotes":""},"class_list":["post-25","page","type-page","status-publish","has-post-thumbnail","hentry"],"_links":{"self":[{"href":"https:\/\/www.tdwi.fi\/blog\/wp-json\/wp\/v2\/pages\/25","targetHints":{"allow":["GET"]}}],"collection":[{"href":"https:\/\/www.tdwi.fi\/blog\/wp-json\/wp\/v2\/pages"}],"about":[{"href":"https:\/\/www.tdwi.fi\/blog\/wp-json\/wp\/v2\/types\/page"}],"author":[{"embeddable":true,"href":"https:\/\/www.tdwi.fi\/blog\/wp-json\/wp\/v2\/users\/1"}],"replies":[{"embeddable":true,"href":"https:\/\/www.tdwi.fi\/blog\/wp-json\/wp\/v2\/comments?post=25"}],"version-history":[{"count":69,"href":"https:\/\/www.tdwi.fi\/blog\/wp-json\/wp\/v2\/pages\/25\/revisions"}],"predecessor-version":[{"id":2344,"href":"https:\/\/www.tdwi.fi\/blog\/wp-json\/wp\/v2\/pages\/25\/revisions\/2344"}],"wp:featuredmedia":[{"embeddable":true,"href":"https:\/\/www.tdwi.fi\/blog\/wp-json\/wp\/v2\/media\/248"}],"wp:attachment":[{"href":"https:\/\/www.tdwi.fi\/blog\/wp-json\/wp\/v2\/media?parent=25"}],"curies":[{"name":"wp","href":"https:\/\/api.w.org\/{rel}","templated":true}]}}