{"id":29,"date":"2010-12-27T23:26:07","date_gmt":"2010-12-27T21:26:07","guid":{"rendered":"http:\/\/www.tdwi.fi\/blog\/"},"modified":"2024-12-14T16:39:07","modified_gmt":"2024-12-14T14:39:07","slug":"jasenyys-membership","status":"publish","type":"page","link":"https:\/\/www.tdwi.fi\/blog\/jasenyys-membership\/","title":{"rendered":"J\u00e4senyys &#8211; Membership"},"content":{"rendered":"<p id=\"top\" \/>\n<p><strong>KUTSU<\/strong> sinulle<\/p>\n\n\n\n<p>Jos et ole viel\u00e4 osaamisyhteis\u00f6mme, yhdistyksemme, j\u00e4sen \u2013 nostan esille t\u00e4m\u00e4n mahdollisuuden.<\/p>\n\n\n\n<p>J\u00e4rjest\u00e4mme tietojohtamisen ja tiedolla johtamisen asiantuntijayhteis\u00f6n\u00e4 tapahtumia Suomessa, yleens\u00e4 4\u20146 per vuosi, jotka toimintamallimme mukaisesti haluamme tarjota j\u00e4senillemme ilman eri veloitusta vuotuiseen yhdistyksen j\u00e4senmaksuun sis\u00e4ltyen. J\u00e4senyhteis\u00f6ist\u00e4 voivat henkil\u00f6t joustavasti vaihtaa osallistujaa sen mukaan, kuka ehtii ja ket\u00e4 teemat kiinnostavat. Yhdistyksemme j\u00e4senmaksulla p\u00e4\u00e4see my\u00f6s kansainv\u00e4lisen TDWI yhteis\u00f6n (tdwi.org) j\u00e4seneksi ja saat kaikki j\u00e4senmateriaalit, BI\/tietojohtaminen -alueen tutkimusmateriaalit ja alennukset kansainv\u00e4lisist\u00e4 tapahtumista ja koulutuksista Euroopassa ja USAssa. Kaikki t\u00e4m\u00e4 siis sis\u00e4ltyy meill\u00e4 j\u00e4senmaksuumme.<\/p>\n\n\n\n<p>Tapahtumiamme on kovasti kiitetty. N\u00e4ihin halutaan tulla uudestaan ja uudestaan. Oikeasti. T\u00e4ll\u00e4 hetkell\u00e4 osallistujia per tapahtumamme saamme noin 80\u2014100 henkil\u00f6\u00e4 ja vuodessa eri henkil\u00f6it\u00e4 tapahtumissamme k\u00e4y noin 300\u2014400.<\/p>\n\n\n\n<p>Tapahtumiamme voit selata t\u00e4\u00e4ll\u00e4: <a href=\"https:\/\/www.tdwi.fi\/blog\/tdwi-finland-posts\/\" target=\"_blank\" rel=\"noreferrer noopener\">https:\/\/www.tdwi.fi\/blog\/tdwi-finland-posts\/<\/a> &#8211; N\u00e4et k\u00e4sittelem\u00e4mme teemat viime vuosilta.<\/p>\n\n\n\n<p>Olemme Tiedolla johtamisen johtava aktiivinen yhteis\u00f6 Suomessa. Meille on helppo tulla ja meill\u00e4 on mukava olla.<\/p>\n\n\n\n<hr class=\"wp-block-separator has-css-opacity is-style-wide\"\/>\n\n\n\n<h3 class=\"wp-block-heading\">Uusi j\u00e4senyys ja muutokset<\/h3>\n\n\n\n<p>Ilmoita halukkuutesi j\u00e4seneksi tai j\u00e4sentiedoissasi tapahtuneet muutokset s\u00e4hk\u00f6postilla osoitteeseen:<\/p>\n\n\n\n<p><a href=\"mailto:info@tdwi.fi?subject=TDWIF%20-%20uusi%20j\u00e4senyys%20\/%20muutosilmoitus%20-%20\">info@tdwi.fi<\/a><\/p>\n\n\n\n<p>Sis\u00e4llyt\u00e4 viestiin tiedot:<br>&#8211;&nbsp;&nbsp;&nbsp; Henkil\u00f6j\u00e4sen vai Yritysj\u00e4sen<br>&#8211;&nbsp;&nbsp;&nbsp; Jokaisen ilmoitetun henkil\u00f6n <strong>s\u00e4hk\u00f6postiosoite<\/strong> sek\u00e4 sukunimi ja etunimi<br>&#8211;&nbsp;&nbsp;&nbsp; Yrityksen nimi<br>&#8211;&nbsp;&nbsp;&nbsp; Yrityksen Y-tunnus<br>&#8211;&nbsp;&nbsp;&nbsp; Postiosoite, ja erikseen<br>&#8211;&nbsp;&nbsp;&nbsp; Laskutusosoite ja haluamasi laskutuksen viitetiedot<br>&#8211;&nbsp;&nbsp;&nbsp; Verkkolaskuosoite (p\u00e4\u00e4asiallinen laskutustapa)<br>&#8211;&nbsp;&nbsp;&nbsp; Laskutusyhteyshenkil\u00f6n\/Yritysj\u00e4senyytt\u00e4 koordinoivan nimi<\/p>\n\n\n\n<p>Tietosuojaselosteemme voit tarkistaa t\u00e4\u00e4lt\u00e4: <a href=\"https:\/\/www.tdwi.fi\/blog\/tdwi-finlandin-tietosuojaseloste\/\" target=\"_blank\" rel=\"noopener noreferrer\">https:\/\/www.tdwi.fi\/blog\/tdwi-finlandin-tietosuojaseloste\/<\/a><\/p>\n\n\n\n<hr class=\"wp-block-separator has-css-opacity is-style-wide\"\/>\n\n\n\n<h3 class=\"wp-block-heading\">TDWI:n j\u00e4seneksi samalla<\/h3>\n\n\n\n<p>Yhdistys on sopinut TDWI:n <a href=\"http:\/\/www.tdwi.org\" target=\"_blank\" rel=\"noopener noreferrer\">www.tdwi.org<\/a> kanssa yhteisty\u00f6st\u00e4, jonka mukaisesti TDWI Finland edustaa TDWI:t\u00e4 Suomessa.<\/p>\n\n\n\n<p>Yhdistyksen henkil\u00f6j\u00e4senet ja yritysj\u00e4senten nimetyt edustajat ovat <a href=\"https:\/\/membercommunity.tdwi.org\/\" target=\"_blank\" rel=\"noopener noreferrer\">TDWI:n j\u00e4seni\u00e4<\/a> ja saavat my\u00f6s kaikki&nbsp;<a href=\"https:\/\/tdwi.org\/pages\/membership\/tdwi-member-benefits-in-depth.aspx\" target=\"_blank\" rel=\"noopener noreferrer\">TDWI:n j\u00e4senilleen tarjoamat j\u00e4senetuudet<\/a>.<\/p>\n\n\n\n<p><strong>Huomatkaa! &#8211; \u00c4lk\u00e4\u00e4 liittyk\u00f6 j\u00e4seneksi ww.tdwi.org \u2013sivuston kautta vaan yll\u00e4 kuvatulla s\u00e4hk\u00f6postiviestill\u00e4<\/strong>. Me maksamme kansainv\u00e4lisen organisaation j\u00e4senmaksun puolestasi sis\u00e4ltyen TDWI Finlandin j\u00e4senmaksuusi.<\/p>\n\n\n\n<p>Suomen TDWI:n j\u00e4senmaksuista j\u00e4\u00e4 osa yhdistyksemme j\u00e4senpalvelujen sek\u00e4 tapahtumiemme hyv\u00e4ksi hy\u00f6dytt\u00e4m\u00e4\u00e4n yhdistyksemme j\u00e4seni\u00e4 TDWI:n j\u00e4senetujen lis\u00e4ksi! J\u00e4senmaksustasi suoritamme my\u00f6s TDWI.org j\u00e4senmaksusi puolestasi.<\/p>\n\n\n\n<hr class=\"wp-block-separator has-css-opacity is-style-wide\"\/>\n\n\n\n<h3 class=\"wp-block-heading\">J\u00e4senmaksut<\/h3>\n\n\n\n<p>Henkil\u00f6j\u00e4senet ja yritysj\u00e4senyydess\u00e4 nimetyt edustajat ovat oikeutettuja osallistumaan yhdistyksen j\u00e4senille tarkoitettuihin tilaisuuksiin ja saavat yhdistyksen muut j\u00e4senetuudet.<\/p>\n\n\n\n<p><strong>Henkil\u00f6j\u00e4senyys<\/strong>: vuosimaksu vuonna 2025: 245 \u20ac<\/p>\n\n\n\n<p>Henkil\u00f6 ilmoitetaan my\u00f6s TDWI:n j\u00e4seneksi. J\u00e4senyytt\u00e4, sen tuomia etuja tai luottamusteht\u00e4vi\u00e4 ei voi siirt\u00e4\u00e4 toiselle henkil\u00f6lle ty\u00f6suhteessa tapahtuneiden muutosten perusteella. Henkil\u00f6j\u00e4senyys on henkil\u00f6kohtainen ja oikeuttaa yhteen \u00e4\u00e4neen yhdistyksen kokouksissa.<\/p>\n\n\n\n<p><strong>Yritysj\u00e4senyys<\/strong>: vuosimaksu vuonna 2025: 895 \u20ac (sis. 4 nimetty\u00e4 edustajaa)<\/p>\n\n\n\n<p>Yritys nime\u00e4\u00e4 edustajansa yhdistyksen rekisteriin. Nimetyt edustajat ilmoitetaan samalla my\u00f6s TDWI:n j\u00e4seniksi. Nimettyj\u00e4 edustajia voi vaihtaa joustavasti tarpeen mukaan. Mahdolliset yhdistyksen luottamusteht\u00e4v\u00e4t eiv\u00e4t kuitenkaan siirry henkil\u00f6vaihdosten mukana, vaan niist\u00e4 p\u00e4\u00e4tet\u00e4\u00e4n erikseen yhdistyksen s\u00e4\u00e4nt\u00f6jen mukaisesti. Yritysj\u00e4senyys on yritys-\/yhteis\u00f6kohtainen ja oikeuttaa nelj\u00e4\u00e4n \u00e4\u00e4neen yhdistyksen kokouksissa.<\/p>\n\n\n\n<p><strong>Yritysj\u00e4senyyteen enemm\u00e4n kuin 4 nimetty\u00e4 edustajaa<\/strong>:<\/p>\n\n\n\n<p>Yritysj\u00e4sen voi ilmoittaa yhdistyksen rekisteriin haluamansa m\u00e4\u00e4r\u00e4n nimettyj\u00e4 henkil\u00f6it\u00e4 (edustajia). Vuosimaksu m\u00e4\u00e4r\u00e4ytyy edustajien m\u00e4\u00e4r\u00e4n mukaisesti siten, ett\u00e4 nelj\u00e4 edustajaa sis\u00e4ltyy yritysj\u00e4senyyden (perus-) maksuun, ja vuosimaksuun lis\u00e4t\u00e4\u00e4n viidennest\u00e4 edustajasta alkaen kustakin henkil\u00f6j\u00e4senmaksun mukaan.<\/p>\n\n\n\n<p><strong>Kesken kalenterivuotta liittyvien<\/strong> j\u00e4senmaksu liittymisvuodelta on liittymisp\u00e4iv\u00e4\u00e4 seuraavien t\u00e4ysien kalenterikuukausien mukainen osuus koko vuoden j\u00e4senmaksusta.<\/p>\n\n\n\n<hr class=\"wp-block-separator has-css-opacity is-style-wide\"\/>\n\n\n\n<p>Yhdistyksen j\u00e4senen\u00e4 saat p\u00e4\u00e4syn aiempien tapahtumien jaettuihin esitysmateriaaleihin<\/p>\n\n\n\n<p>Mik\u00e4li olet yhdistyksen j\u00e4sen, saat ajoittain meilt\u00e4 s\u00e4hk\u00f6postitse linkit materiaaleihin ja salasanat. Talleta ne huolella. Kun vaihdamme salasanoja, l\u00e4het\u00e4mme tiedon t\u00e4st\u00e4. \u2014 Mik\u00e4li sinulla ei ole tallessa linkkej\u00e4 ja salasanoja, l\u00e4het\u00e4 pyynt\u00f6 osoitteeseen info@tdwi.fi<\/p>\n\n\n\n<hr class=\"wp-block-separator has-css-opacity\"\/>\n","protected":false},"excerpt":{"rendered":"<p>KUTSU sinulle Jos et ole viel\u00e4 osaamisyhteis\u00f6mme, yhdistyksemme, j\u00e4sen \u2013 nostan esille t\u00e4m\u00e4n mahdollisuuden. J\u00e4rjest\u00e4mme tietojohtamisen ja tiedolla johtamisen asiantuntijayhteis\u00f6n\u00e4 tapahtumia Suomessa, yleens\u00e4 4\u20146 per vuosi, jotka toimintamallimme mukaisesti haluamme tarjota j\u00e4senillemme ilman eri veloitusta vuotuiseen yhdistyksen j\u00e4senmaksuun sis\u00e4ltyen. J\u00e4senyhteis\u00f6ist\u00e4 voivat henkil\u00f6t joustavasti vaihtaa osallistujaa sen mukaan, kuka ehtii ja ket\u00e4 teemat kiinnostavat. Yhdistyksemme j\u00e4senmaksulla [&hellip;]<\/p>\n","protected":false},"author":1,"featured_media":248,"parent":0,"menu_order":70,"comment_status":"closed","ping_status":"closed","template":"","meta":{"footnotes":""},"class_list":["post-29","page","type-page","status-publish","has-post-thumbnail","hentry"],"_links":{"self":[{"href":"https:\/\/www.tdwi.fi\/blog\/wp-json\/wp\/v2\/pages\/29","targetHints":{"allow":["GET"]}}],"collection":[{"href":"https:\/\/www.tdwi.fi\/blog\/wp-json\/wp\/v2\/pages"}],"about":[{"href":"https:\/\/www.tdwi.fi\/blog\/wp-json\/wp\/v2\/types\/page"}],"author":[{"embeddable":true,"href":"https:\/\/www.tdwi.fi\/blog\/wp-json\/wp\/v2\/users\/1"}],"replies":[{"embeddable":true,"href":"https:\/\/www.tdwi.fi\/blog\/wp-json\/wp\/v2\/comments?post=29"}],"version-history":[{"count":44,"href":"https:\/\/www.tdwi.fi\/blog\/wp-json\/wp\/v2\/pages\/29\/revisions"}],"predecessor-version":[{"id":2226,"href":"https:\/\/www.tdwi.fi\/blog\/wp-json\/wp\/v2\/pages\/29\/revisions\/2226"}],"wp:featuredmedia":[{"embeddable":true,"href":"https:\/\/www.tdwi.fi\/blog\/wp-json\/wp\/v2\/media\/248"}],"wp:attachment":[{"href":"https:\/\/www.tdwi.fi\/blog\/wp-json\/wp\/v2\/media?parent=29"}],"curies":[{"name":"wp","href":"https:\/\/api.w.org\/{rel}","templated":true}]}}