{"id":76,"date":"2010-12-28T21:41:13","date_gmt":"2010-12-28T19:41:13","guid":{"rendered":"http:\/\/www.tdwi.fi\/"},"modified":"2021-10-13T13:10:17","modified_gmt":"2021-10-13T11:10:17","slug":"jasenet-members-area","status":"publish","type":"page","link":"https:\/\/www.tdwi.fi\/blog\/jasenet-members-area\/","title":{"rendered":"J\u00e4senet &#8211; Members Area"},"content":{"rendered":"<p id=\"top\" \/><p>Yhdistyksen j\u00e4senen\u00e4 saat p\u00e4\u00e4syn aiempien tapahtumien jaettuihin esitysmateriaaleihin.<\/p>\n<p>Mik\u00e4li olet yhdistyksen j\u00e4sen, henkil\u00f6j\u00e4sen tai yritysj\u00e4senyyteen nimetty edustaja, saat ajoittain meilt\u00e4 s\u00e4hk\u00f6postitse linkit ja salasanat. Talleta ne huolella. Kun vaihdamme salasanoja, l\u00e4het\u00e4mme tiedon t\u00e4st\u00e4. \u2014 Mik\u00e4li sinulla ei ole tallessa linkkej\u00e4 ja salasanoja, l\u00e4het\u00e4 pyynt\u00f6 osoitteeseen info@tdwi.fi<\/p>\n<hr>\n\n\n<hr class=\"wp-block-separator\"\/>\n\n\n\n<p>Mik\u00e4li olet yhdistyksen j\u00e4sen, henkil\u00f6j\u00e4sen tai yritysj\u00e4senyyteen nimetty edustaja, sinun j\u00e4senyyteesi sis\u00e4ltyy my\u00f6s p\u00e4\u00e4sy kansainv\u00e4lisen yhteis\u00f6n j\u00e4senille osoitettuun sivustoon membercommunity.tdwi.org.<\/p>\n\n\n\n<p>Sivusto edellytt\u00e4\u00e4 rekister\u00f6itymist\u00e4 TDWI Finlandin j\u00e4senen\u00e4. Saat meilt\u00e4 erityisen linkin, jonka kautta rekister\u00f6ityminen TDWI Finlandin &#8220;sub-accountiksi&#8221; on mahdollista. Pid\u00e4mme t\u00e4m\u00e4n kuitenkin vapaaehtoisena. Emme automaattisesti lis\u00e4\u00e4 j\u00e4seni\u00e4mme kansainv\u00e4lisen yhteis\u00f6n j\u00e4senrekisteriin. Teet sen halutessasi itse, ja samalla yll\u00e4pid\u00e4t tarkempia tietoja haluamallasi tasolla.<\/p>\n\n\n\n<p>Osalla j\u00e4senist\u00e4mme on jo tunnus liitettyn\u00e4 yhdistyksemme tiliin. Uudemmilla j\u00e4senill\u00e4 ei tunnusta ilman omaehtoista rekister\u00f6itymist\u00e4 ole.<\/p>\n\n\n\n<p>Mik\u00e4li et viel\u00e4 ole j\u00e4senen\u00e4 tuonne rekister\u00f6itynyt, eik\u00e4 sinulla ei ole tallessa rekister\u00f6itymiseen tarvittavaa linkki\u00e4, l\u00e4het\u00e4 pyynt\u00f6 t\u00e4st\u00e4 osoitteeseen info@tdwi.fi.<\/p>\n\n\n\n<hr class=\"wp-block-separator\"\/>\n\n\n\n<p><\/p>\n","protected":false},"excerpt":{"rendered":"<p>Yhdistyksen j\u00e4senen\u00e4 saat p\u00e4\u00e4syn aiempien tapahtumien jaettuihin esitysmateriaaleihin. Mik\u00e4li olet yhdistyksen j\u00e4sen, henkil\u00f6j\u00e4sen tai yritysj\u00e4senyyteen nimetty edustaja, saat ajoittain meilt\u00e4 s\u00e4hk\u00f6postitse linkit ja salasanat. Talleta ne huolella. Kun vaihdamme salasanoja, l\u00e4het\u00e4mme tiedon t\u00e4st\u00e4. \u2014 Mik\u00e4li sinulla ei ole tallessa linkkej\u00e4 ja salasanoja, l\u00e4het\u00e4 pyynt\u00f6 osoitteeseen info@tdwi.fi Mik\u00e4li olet yhdistyksen j\u00e4sen, henkil\u00f6j\u00e4sen tai yritysj\u00e4senyyteen nimetty edustaja, [&hellip;]<\/p>\n","protected":false},"author":1,"featured_media":248,"parent":0,"menu_order":55,"comment_status":"closed","ping_status":"closed","template":"","meta":{"footnotes":""},"class_list":["post-76","page","type-page","status-publish","has-post-thumbnail","hentry"],"_links":{"self":[{"href":"https:\/\/www.tdwi.fi\/blog\/wp-json\/wp\/v2\/pages\/76","targetHints":{"allow":["GET"]}}],"collection":[{"href":"https:\/\/www.tdwi.fi\/blog\/wp-json\/wp\/v2\/pages"}],"about":[{"href":"https:\/\/www.tdwi.fi\/blog\/wp-json\/wp\/v2\/types\/page"}],"author":[{"embeddable":true,"href":"https:\/\/www.tdwi.fi\/blog\/wp-json\/wp\/v2\/users\/1"}],"replies":[{"embeddable":true,"href":"https:\/\/www.tdwi.fi\/blog\/wp-json\/wp\/v2\/comments?post=76"}],"version-history":[{"count":89,"href":"https:\/\/www.tdwi.fi\/blog\/wp-json\/wp\/v2\/pages\/76\/revisions"}],"predecessor-version":[{"id":1909,"href":"https:\/\/www.tdwi.fi\/blog\/wp-json\/wp\/v2\/pages\/76\/revisions\/1909"}],"wp:featuredmedia":[{"embeddable":true,"href":"https:\/\/www.tdwi.fi\/blog\/wp-json\/wp\/v2\/media\/248"}],"wp:attachment":[{"href":"https:\/\/www.tdwi.fi\/blog\/wp-json\/wp\/v2\/media?parent=76"}],"curies":[{"name":"wp","href":"https:\/\/api.w.org\/{rel}","templated":true}]}}